{"id":2506,"date":"2023-03-16T14:12:38","date_gmt":"2023-03-16T14:12:38","guid":{"rendered":"http:\/\/nfa.com.tr\/?page_id=2506"},"modified":"2023-03-29T08:43:03","modified_gmt":"2023-03-29T08:43:03","slug":"gizlilik-ilkesi","status":"publish","type":"page","link":"https:\/\/nfa.com.tr\/index.php\/gizlilik-ilkesi\/","title":{"rendered":"Gizlilik \u0130lkesi"},"content":{"rendered":"<div class=\"fusion-fullwidth fullwidth-box fusion-builder-row-1 fusion-flex-container has-pattern-background has-mask-background nonhundred-percent-fullwidth non-hundred-percent-height-scrolling\" style=\"--awb-border-radius-top-left:0px;--awb-border-radius-top-right:0px;--awb-border-radius-bottom-right:0px;--awb-border-radius-bottom-left:0px;--awb-background-color:#ffffff;\" ><div class=\"fusion-builder-row fusion-row fusion-flex-align-items-center\" style=\"max-width:1248px;margin-left: calc(-4% \/ 2 );margin-right: calc(-4% \/ 2 );\"><div class=\"fusion-layout-column fusion_builder_column fusion-builder-column-0 fusion_builder_column_1_1 1_1 fusion-flex-column\" style=\"--awb-bg-size:cover;--awb-width-large:100%;--awb-margin-top-large:0px;--awb-spacing-right-large:1.92%;--awb-margin-bottom-large:20px;--awb-spacing-left-large:1.92%;--awb-width-medium:100%;--awb-order-medium:0;--awb-spacing-right-medium:1.92%;--awb-spacing-left-medium:1.92%;--awb-width-small:100%;--awb-order-small:0;--awb-spacing-right-small:1.92%;--awb-spacing-left-small:1.92%;\"><div class=\"fusion-column-wrapper fusion-column-has-shadow fusion-flex-justify-content-flex-start fusion-content-layout-column\"><div class=\"fusion-content-boxes content-boxes columns row fusion-columns-1 fusion-columns-total-1 fusion-content-boxes-1 content-boxes-icon-with-title content-left\" style=\"--awb-margin-top:120px;--awb-hover-accent-color:var(--awb-color4);--awb-circle-hover-accent-color:var(--awb-color4);--awb-item-margin-bottom:40px;\" data-animationOffset=\"top-into-view\"><div style=\"--awb-backgroundcolor:rgba(255,255,255,0);\" class=\"fusion-column content-box-column content-box-column content-box-column-1 col-lg-12 col-md-12 col-sm-12 fusion-content-box-hover content-box-column-last content-box-column-last-in-row\"><div class=\"col content-box-wrapper content-wrapper link-area-link-icon content-icon-wrapper-yes icon-hover-animation-fade\" data-animationOffset=\"top-into-view\"><div class=\"fusion-clearfix\"><\/div><div class=\"content-container\">\n<div><strong>Gizlilik ve g\u00fcvenlik politikas\u0131<\/strong><\/div>\n<div>Web sitemiz \u00fczerindeki \u00e7e\u015fitli form ve anketlerin doldurulmas\u0131 suretiyle \u00fcyelerin kendileriyle ilgili bir tak\u0131m ki\u015fisel bilgileri (isim-soy isim, firma bilgileri, telefon, adres veya e-posta adresleri gibi) i\u015fin do\u011fas\u0131 gere\u011fi toplanmaktad\u0131r.<\/div>\n<div><\/div>\n<div>Sistemle ilgili sorunlar\u0131n tan\u0131mlanmas\u0131 ve verilen hizmet ile ilgili \u00e7\u0131kabilecek sorunlar\u0131n veya uyu\u015fmazl\u0131klar\u0131n h\u0131zla \u00e7\u00f6z\u00fclmesi i\u00e7in, Firmam\u0131z, IP adresini kaydetmekte ve bunu kullanmaktad\u0131r. IP adresleri, kullan\u0131c\u0131lar\u0131 genel bir \u015fekilde tan\u0131mlamak ve kapsaml\u0131 demografik bilgi toplamak amac\u0131yla da kullan\u0131labilir.<span style=\"background-color: var(--awb-bg-color); color: var(--awb-body-color); font-family: var(--body_typography-font-family); font-size: var(--body_typography-font-size); font-style: var(--body_typography-font-style,normal); font-weight: var(--body_typography-font-weight); letter-spacing: var(--body_typography-letter-spacing); text-align: var(--awb-content-text-align);\"><br \/>\n<\/span><\/div>\n<p><span style=\"background-color: var(--awb-bg-color); color: var(--awb-body-color); font-family: var(--body_typography-font-family); font-size: var(--body_typography-font-size); font-style: var(--body_typography-font-style,normal); font-weight: var(--body_typography-font-weight); letter-spacing: var(--body_typography-letter-spacing); text-align: var(--awb-content-text-align);\">Firmam\u0131z, \u00dcyelik S\u00f6zle\u015fmesi ile belirlenen ama\u00e7lar ve kapsam d\u0131\u015f\u0131nda da, talep edilen bilgileri kendisi veya i\u015fbirli\u011fi i\u00e7inde oldu\u011fu ki\u015filer taraf\u0131ndan do\u011frudan pazarlama yapmak amac\u0131yla kullanabilir. Ki\u015fisel bilgiler, gerekti\u011finde kullan\u0131c\u0131yla temas kurmak i\u00e7in de kullan\u0131labilir<\/span><\/p>\n<div>Firmam\u0131z, gizli bilgileri kesinlikle \u00f6zel ve gizli tutmay\u0131, bunu bir s\u0131r saklama y\u00fck\u00fcm\u00fc olarak addetmeyi ve gizlili\u011fin sa\u011flanmas\u0131 ve s\u00fcrd\u00fcr\u00fclmesi, gizli bilginin tamam\u0131n\u0131n veya herhangi bir k\u0131sm\u0131n\u0131n kamu alan\u0131na girmesini veya yetkisiz kullan\u0131m\u0131n\u0131 veya \u00fc\u00e7\u00fcnc\u00fc bir ki\u015fiye if\u015fas\u0131n\u0131 \u00f6nlemek i\u00e7in gerekli t\u00fcm tedbirleri almay\u0131 ve gerekli \u00f6zeni g\u00f6stermeyi taahh\u00fct etmektedir.<\/div>\n<p><b>Taray\u0131c\u0131 \u00e7erezleri<br \/>\n<\/b><span style=\"color: var(--awb-body-color); text-align: var(--awb-content-text-align); background-color: var(--awb-bg-color); font-family: var(--body_typography-font-family); font-size: var(--body_typography-font-size); font-style: var(--body_typography-font-style,normal); font-weight: var(--body_typography-font-weight); letter-spacing: var(--body_typography-letter-spacing);\">Firmam\u0131z, web sitemizi ziyaret eden kullan\u0131c\u0131lar ve kullan\u0131c\u0131lar\u0131n web sitesini kullan\u0131m\u0131 hakk\u0131ndaki bilgileri teknik bir ileti\u015fim dosyas\u0131 (\u00c7erez-Cookie) kullanarak elde edebilir. Bahsi ge\u00e7en teknik ileti\u015fim dosyalar\u0131, ana bellekte saklanmak \u00fczere bir internet sitesinin kullan\u0131c\u0131n\u0131n taray\u0131c\u0131s\u0131na (browser) g\u00f6nderdi\u011fi k\u00fc\u00e7\u00fck metin dosyalar\u0131d\u0131r. Teknik ileti\u015fim dosyas\u0131 site hakk\u0131nda durum ve tercihleri saklayarak \u0130nternet&#8217;in kullan\u0131m\u0131n\u0131 kolayla\u015ft\u0131r\u0131r.<\/span><\/p>\n<div>Teknik ileti\u015fim dosyas\u0131, siteyi ka\u00e7 ki\u015finin ziyaret etti\u011fini, bir ki\u015finin siteyi hangi ama\u00e7la, ka\u00e7 kez ziyaret etti\u011fini ve ne kadar sitede kald\u0131klar\u0131 hakk\u0131nda istatistiksel bilgileri elde etmeye ve kullan\u0131c\u0131lar i\u00e7in \u00f6zel tasarlanm\u0131\u015f kullan\u0131c\u0131 sayfalar\u0131ndan dinamik olarak reklam ve i\u00e7erik \u00fcretilmesine yard\u0131mc\u0131 olur. Teknik ileti\u015fim dosyas\u0131, ana bellekte veya e-postan\u0131zdan veri veya ba\u015fkaca herhangi bir ki\u015fisel bilgi almak i\u00e7in tasarlanmam\u0131\u015ft\u0131r. Taray\u0131c\u0131lar\u0131n pek \u00e7o\u011fu ba\u015fta teknik ileti\u015fim dosyas\u0131n\u0131 kabul eder bi\u00e7imde tasarlanm\u0131\u015ft\u0131r ancak kullan\u0131c\u0131lar dilerse teknik ileti\u015fim dosyas\u0131n\u0131n gelmemesi veya teknik ileti\u015fim dosyas\u0131n\u0131n g\u00f6nderildi\u011finde uyar\u0131 verilmesini sa\u011flayacak bi\u00e7imde ayarlar\u0131 de\u011fi\u015ftirebilirler.<\/div>\n<div><\/div>\n<p>Firmam\u0131z, i\u015fbu &#8220;Gizlilik Politikas\u0131&#8221; h\u00fck\u00fcmlerini diledi\u011fi zaman sitede yay\u0131nlamak veya kullan\u0131c\u0131lara elektronik posta g\u00f6ndermek suretiyle de\u011fi\u015ftirebilir. Gizlilik Politikas\u0131 h\u00fck\u00fcmleri de\u011fi\u015fti\u011fi takdirde, yay\u0131nland\u0131\u011f\u0131 tarihte y\u00fcr\u00fcrl\u00fck kazan\u0131r.<\/p>\n<div><\/div>\n<div>Gizlilik politikam\u0131z ile ilgili her t\u00fcrl\u00fc soru ve \u00f6nerileriniz i\u00e7in nfa@nfa.com.tr adresine email g\u00f6nderebilirsiniz. Firmam\u0131z\u2019a ait a\u015fa\u011f\u0131daki ileti\u015fim bilgilerinden ula\u015fabilirsiniz.<\/div>\n<div><\/div>\n<div>Firma \u00dcnvan\u0131: NFA \u0130LA\u00c7 K\u0130MYA SANAY\u0130 VE T\u0130C. LTD. \u015eT\u0130.<\/div>\n<div>Adres: Tuzla Kimya Sanayicileri O.S.B. Analitik Cd. No:92 Tuzla \/ \u0130stanbul \/ T\u00dcRK\u0130YE<\/div>\n<div>Eposta: info@nfa.com.tr<\/div>\n<div>Tel: +90 (216) 593 2934<\/div>\n<div>Fax: +90 (216) 593 2937<\/div>\n<\/div><\/div><\/div><div class=\"fusion-clearfix\"><\/div><\/div><\/div><\/div><\/div><\/div>\n","protected":false},"excerpt":{"rendered":"","protected":false},"author":1,"featured_media":500,"parent":0,"menu_order":0,"comment_status":"closed","ping_status":"closed","template":"100-width.php","meta":{"footnotes":""},"class_list":["post-2506","page","type-page","status-publish","has-post-thumbnail","hentry"],"_links":{"self":[{"href":"https:\/\/nfa.com.tr\/index.php\/wp-json\/wp\/v2\/pages\/2506","targetHints":{"allow":["GET"]}}],"collection":[{"href":"https:\/\/nfa.com.tr\/index.php\/wp-json\/wp\/v2\/pages"}],"about":[{"href":"https:\/\/nfa.com.tr\/index.php\/wp-json\/wp\/v2\/types\/page"}],"author":[{"embeddable":true,"href":"https:\/\/nfa.com.tr\/index.php\/wp-json\/wp\/v2\/users\/1"}],"replies":[{"embeddable":true,"href":"https:\/\/nfa.com.tr\/index.php\/wp-json\/wp\/v2\/comments?post=2506"}],"version-history":[{"count":6,"href":"https:\/\/nfa.com.tr\/index.php\/wp-json\/wp\/v2\/pages\/2506\/revisions"}],"predecessor-version":[{"id":3041,"href":"https:\/\/nfa.com.tr\/index.php\/wp-json\/wp\/v2\/pages\/2506\/revisions\/3041"}],"wp:featuredmedia":[{"embeddable":true,"href":"https:\/\/nfa.com.tr\/index.php\/wp-json\/wp\/v2\/media\/500"}],"wp:attachment":[{"href":"https:\/\/nfa.com.tr\/index.php\/wp-json\/wp\/v2\/media?parent=2506"}],"curies":[{"name":"wp","href":"https:\/\/api.w.org\/{rel}","templated":true}]}}