{"id":2576,"date":"2023-03-17T13:50:24","date_gmt":"2023-03-17T13:50:24","guid":{"rendered":"http:\/\/nfa.com.tr\/?page_id=2576"},"modified":"2023-03-20T11:00:12","modified_gmt":"2023-03-20T11:00:12","slug":"blog","status":"publish","type":"page","link":"https:\/\/nfa.com.tr\/index.php\/blog\/","title":{"rendered":"Blog"},"content":{"rendered":"<div class=\"fusion-fullwidth fullwidth-box fusion-builder-row-1 fusion-flex-container has-pattern-background has-mask-background nonhundred-percent-fullwidth non-hundred-percent-height-scrolling\" style=\"--awb-border-radius-top-left:0px;--awb-border-radius-top-right:0px;--awb-border-radius-bottom-right:0px;--awb-border-radius-bottom-left:0px;--awb-background-color:#ffffff;\" ><div class=\"fusion-builder-row fusion-row fusion-flex-align-items-center\" style=\"max-width:1248px;margin-left: calc(-4% \/ 2 );margin-right: calc(-4% \/ 2 );\"><div class=\"fusion-layout-column fusion_builder_column fusion-builder-column-0 fusion_builder_column_1_1 1_1 fusion-flex-column\" style=\"--awb-padding-top:80px;--awb-bg-size:cover;--awb-width-large:100%;--awb-margin-top-large:0px;--awb-spacing-right-large:1.92%;--awb-margin-bottom-large:20px;--awb-spacing-left-large:1.92%;--awb-width-medium:100%;--awb-order-medium:0;--awb-spacing-right-medium:1.92%;--awb-spacing-left-medium:1.92%;--awb-width-small:100%;--awb-order-small:0;--awb-spacing-right-small:1.92%;--awb-spacing-left-small:1.92%;\"><div class=\"fusion-column-wrapper fusion-column-has-shadow fusion-flex-justify-content-flex-start fusion-content-layout-column\"><div class=\"fusion-recent-posts fusion-recent-posts-1 avada-container layout-default layout-columns-1\"><section class=\"fusion-columns columns fusion-columns-1 columns-1\"><article class=\"post fusion-column column col col-lg-12 col-md-12 col-sm-12\"><div class=\"recent-posts-content\"><span class=\"vcard\" style=\"display: none;\"><span class=\"fn\"><a href=\"https:\/\/nfa.com.tr\/index.php\/author\/aab\/\" title=\"admin taraf\u0131ndan yaz\u0131lan yaz\u0131lar\" rel=\"author\">admin<\/a><\/span><\/span><span class=\"updated\" style=\"display:none;\">2023-03-17T13:50:03+00:00<\/span><h4 class=\"entry-title\"><a href=\"https:\/\/nfa.com.tr\/index.php\/2023\/03\/17\/uluslararasi-beyaz-et-kongresi\/\">ULUSLARARASI BEYAZ ET KONGRES\u0130<\/a><\/h4><p>T\u00fcrkiye, kanatl\u0131 eti \u00fcretiminde d\u00fcnya standartlar\u0131nda yer almaktad\u0131r. Bu durum; sekt\u00f6r\u00fcn bilimsel geli\u015fmeleri yerinde ve zaman\u0131nda takip edip, s\u00fcrekli ve do\u011fru yat\u0131r\u0131mlar\u0131 ger\u00e7ekle\u015ftirmesi ile \u015fekillenmi\u015ftir. NFA olarak, biz de bu y\u0131l ikincisi d\u00fczenlenen Uluslar Aras\u0131 [...]<\/p><\/div><\/article><article class=\"post fusion-column column col col-lg-12 col-md-12 col-sm-12\"><div class=\"recent-posts-content\"><span class=\"vcard\" style=\"display: none;\"><span class=\"fn\"><a href=\"https:\/\/nfa.com.tr\/index.php\/author\/aab\/\" title=\"admin taraf\u0131ndan yaz\u0131lan yaz\u0131lar\" rel=\"author\">admin<\/a><\/span><\/span><span class=\"updated\" style=\"display:none;\">2023-03-17T13:44:56+00:00<\/span><h4 class=\"entry-title\"><a href=\"https:\/\/nfa.com.tr\/index.php\/2023\/03\/17\/viv-turkiye-2013-fuari\/\">VIV T\u00dcRK\u0130YE 2013 FUARI<\/a><\/h4><p>NFA olarak, Uluslar aras\u0131 platformda d\u00fczenlenen VIV T\u00fcrkiye 2013 Fuar\u0131\u2019na ilk kez bu y\u0131l kat\u0131ld\u0131k. Bu fuara kat\u0131l\u0131rken ki amac\u0131m\u0131z; gerek yurt d\u0131\u015f\u0131 ve gerekse yurt i\u00e7i ziyaret\u00e7i ve kat\u0131l\u0131mc\u0131larla bir araya gelebilmek, birebir g\u00f6r\u00fc\u015fme [...]<\/p><\/div><\/article><article class=\"post fusion-column column col col-lg-12 col-md-12 col-sm-12\"><div class=\"recent-posts-content\"><span class=\"vcard\" style=\"display: none;\"><span class=\"fn\"><a href=\"https:\/\/nfa.com.tr\/index.php\/author\/aab\/\" title=\"admin taraf\u0131ndan yaz\u0131lan yaz\u0131lar\" rel=\"author\">admin<\/a><\/span><\/span><span class=\"updated\" style=\"display:none;\">2023-03-17T13:48:05+00:00<\/span><h4 class=\"entry-title\"><a href=\"https:\/\/nfa.com.tr\/index.php\/2014\/03\/24\/maraee-bahrain-animal-production-show-2014\/\">MARA&#8217;EE &#8211; BAHRAIN ANIMAL PRODUCTION SHOW 2014<\/a><\/h4><p>21 Mart \u2013 24 Mart 2014 tarihlerinde Bahrain\u2019de d\u00fczenlenen Mara\u2019ee \u2013 Bahrain Animal Production Show 2014\u2019e kat\u0131ld\u0131k. 21 Mart\u2019ta Majesteleri Kral Hamad\u2019\u0131n varl\u0131\u011f\u0131ndaki a\u00e7\u0131l\u0131\u015f t\u00f6reni ile ba\u015flayan MARA\u2019EE \u2013 BAHRAIN ANIMAL PRODUCTION SHOW 2014, 24 [...]<\/p><\/div><\/article><\/section><\/div><\/div><\/div><\/div><\/div>\n","protected":false},"excerpt":{"rendered":"","protected":false},"author":1,"featured_media":500,"parent":0,"menu_order":0,"comment_status":"closed","ping_status":"closed","template":"100-width.php","meta":{"footnotes":""},"class_list":["post-2576","page","type-page","status-publish","has-post-thumbnail","hentry"],"_links":{"self":[{"href":"https:\/\/nfa.com.tr\/index.php\/wp-json\/wp\/v2\/pages\/2576","targetHints":{"allow":["GET"]}}],"collection":[{"href":"https:\/\/nfa.com.tr\/index.php\/wp-json\/wp\/v2\/pages"}],"about":[{"href":"https:\/\/nfa.com.tr\/index.php\/wp-json\/wp\/v2\/types\/page"}],"author":[{"embeddable":true,"href":"https:\/\/nfa.com.tr\/index.php\/wp-json\/wp\/v2\/users\/1"}],"replies":[{"embeddable":true,"href":"https:\/\/nfa.com.tr\/index.php\/wp-json\/wp\/v2\/comments?post=2576"}],"version-history":[{"count":6,"href":"https:\/\/nfa.com.tr\/index.php\/wp-json\/wp\/v2\/pages\/2576\/revisions"}],"predecessor-version":[{"id":2628,"href":"https:\/\/nfa.com.tr\/index.php\/wp-json\/wp\/v2\/pages\/2576\/revisions\/2628"}],"wp:featuredmedia":[{"embeddable":true,"href":"https:\/\/nfa.com.tr\/index.php\/wp-json\/wp\/v2\/media\/500"}],"wp:attachment":[{"href":"https:\/\/nfa.com.tr\/index.php\/wp-json\/wp\/v2\/media?parent=2576"}],"curies":[{"name":"wp","href":"https:\/\/api.w.org\/{rel}","templated":true}]}}