{"id":2713,"date":"2023-03-21T09:32:18","date_gmt":"2023-03-21T09:32:18","guid":{"rendered":"http:\/\/nfa.com.tr\/?page_id=2713"},"modified":"2023-03-28T10:53:33","modified_gmt":"2023-03-28T10:53:33","slug":"enzimler","status":"publish","type":"page","link":"https:\/\/nfa.com.tr\/index.php\/enzimler\/","title":{"rendered":"Enzimler"},"content":{"rendered":"<p><div class=\"fusion-fullwidth fullwidth-box fusion-builder-row-1 fusion-flex-container has-pattern-background has-mask-background nonhundred-percent-fullwidth non-hundred-percent-height-scrolling\" style=\"--awb-border-radius-top-left:0px;--awb-border-radius-top-right:0px;--awb-border-radius-bottom-right:0px;--awb-border-radius-bottom-left:0px;--awb-background-color:#ffffff;\" ><div class=\"fusion-builder-row fusion-row fusion-flex-align-items-flex-start\" style=\"max-width:1248px;margin-left: calc(-4% \/ 2 );margin-right: calc(-4% \/ 2 );\"><div class=\"fusion-layout-column fusion_builder_column fusion-builder-column-0 fusion_builder_column_1_1 1_1 fusion-flex-column\" style=\"--awb-bg-size:cover;--awb-width-large:100%;--awb-margin-top-large:0px;--awb-spacing-right-large:1.92%;--awb-margin-bottom-large:0px;--awb-spacing-left-large:1.92%;--awb-width-medium:100%;--awb-order-medium:0;--awb-spacing-right-medium:1.92%;--awb-spacing-left-medium:1.92%;--awb-width-small:100%;--awb-order-small:0;--awb-spacing-right-small:1.92%;--awb-spacing-left-small:1.92%;\"><div class=\"fusion-column-wrapper fusion-column-has-shadow fusion-flex-justify-content-flex-start fusion-content-layout-column\"><\/div><\/div><\/div><\/div><div id=\"aprozimphytase\" class=\"fusion-container-anchor\"><div class=\"fusion-fullwidth fullwidth-box fusion-builder-row-2 fusion-flex-container has-pattern-background has-mask-background nonhundred-percent-fullwidth non-hundred-percent-height-scrolling\" style=\"--awb-background-position:left top;--awb-border-sizes-top:0px;--awb-border-sizes-bottom:0px;--awb-border-sizes-left:0px;--awb-border-sizes-right:0px;--awb-border-radius-top-left:0px;--awb-border-radius-top-right:0px;--awb-border-radius-bottom-right:0px;--awb-border-radius-bottom-left:0px;--awb-padding-top:130px;--awb-padding-bottom:130px;--awb-padding-top-medium:90px;--awb-padding-bottom-medium:90px;--awb-margin-bottom-medium:0px;--awb-background-color:var(--awb-color1);\" ><div class=\"fusion-builder-row fusion-row fusion-flex-align-items-flex-start fusion-flex-justify-content-flex-end\" style=\"max-width:calc( 1200px + 80px );margin-left: calc(-80px \/ 2 );margin-right: calc(-80px \/ 2 );\"><div class=\"fusion-layout-column fusion_builder_column fusion-builder-column-1 fusion_builder_column_1_2 1_2 fusion-flex-column fusion-column-no-min-height fusion-animated\" style=\"--awb-padding-right-medium:0px;--awb-padding-left-medium:0px;--awb-bg-blend:overlay;--awb-bg-size:cover;--awb-width-large:50%;--awb-margin-top-large:0px;--awb-spacing-right-large:calc( 0.16 * calc( 100% - 80px ) );--awb-margin-bottom-large:90px;--awb-spacing-left-large:40px;--awb-width-medium:50%;--awb-spacing-right-medium:calc( 0.16 * calc( 100% - 80px ) );--awb-margin-bottom-medium:49px;--awb-spacing-left-medium:40px;--awb-width-small:100%;--awb-spacing-right-small:40px;--awb-margin-bottom-small:0px;--awb-spacing-left-small:40px;\" data-animationType=\"fadeIn\" data-animationDuration=\"0.8\" data-animationOffset=\"top-into-view\"><div class=\"fusion-column-wrapper fusion-flex-justify-content-flex-start fusion-content-layout-column\"><div class=\"fusion-image-element \" style=\"--awb-mask-url: url(https:\/\/nfa.com.tr\/ograt\/\/assets\/images\/masks\/mask-10.svg);--awb-caption-title-size:var(--h2_typography-font-size);--awb-caption-title-transform:var(--h2_typography-text-transform);--awb-caption-title-line-height:var(--h2_typography-line-height);--awb-caption-title-letter-spacing:var(--h2_typography-letter-spacing);\"><span class=\" fusion-imageframe imageframe-none imageframe-1 hover-type-none has-mask\"><img decoding=\"async\" width=\"2409\" height=\"2560\" title=\"Green product background\" src=\"https:\/\/nfa.com.tr\/xootheve\/2023\/03\/feedbinddry_img-scaled.jpg\" data-orig-src=\"http:\/\/nfa.com.tr\/xootheve\/2023\/03\/feedbinddry_img-scaled.jpg\" alt class=\"lazyload img-responsive wp-image-2604\" srcset=\"data:image\/svg+xml,%3Csvg%20xmlns%3D%27http%3A%2F%2Fwww.w3.org%2F2000%2Fsvg%27%20width%3D%272409%27%20height%3D%272560%27%20viewBox%3D%270%200%202409%202560%27%3E%3Crect%20width%3D%272409%27%20height%3D%272560%27%20fill-opacity%3D%220%22%2F%3E%3C%2Fsvg%3E\" data-srcset=\"https:\/\/nfa.com.tr\/xootheve\/2023\/03\/feedbinddry_img-200x213.jpg 200w, https:\/\/nfa.com.tr\/xootheve\/2023\/03\/feedbinddry_img-400x425.jpg 400w, https:\/\/nfa.com.tr\/xootheve\/2023\/03\/feedbinddry_img-600x638.jpg 600w, https:\/\/nfa.com.tr\/xootheve\/2023\/03\/feedbinddry_img-800x850.jpg 800w, https:\/\/nfa.com.tr\/xootheve\/2023\/03\/feedbinddry_img-1200x1275.jpg 1200w, https:\/\/nfa.com.tr\/xootheve\/2023\/03\/feedbinddry_img-scaled.jpg 2409w\" data-sizes=\"auto\" data-orig-sizes=\"(max-width: 700px) 100vw, 600px\" \/><\/span><\/div><\/div><\/div><div class=\"fusion-layout-column fusion_builder_column fusion-builder-column-2 fusion_builder_column_1_2 1_2 fusion-flex-column fusion-column-no-min-height fusion-animated\" style=\"--awb-padding-right-medium:0px;--awb-padding-left-medium:0px;--awb-bg-blend:overlay;--awb-bg-size:cover;--awb-width-large:50%;--awb-margin-top-large:0px;--awb-spacing-right-large:40px;--awb-margin-bottom-large:90px;--awb-spacing-left-large:calc( 0.032 * calc( 100% - 80px ) );--awb-width-medium:50%;--awb-spacing-right-medium:40px;--awb-margin-bottom-medium:49px;--awb-spacing-left-medium:calc( 0.032 * calc( 100% - 80px ) );--awb-width-small:100%;--awb-spacing-right-small:40px;--awb-margin-bottom-small:30px;--awb-spacing-left-small:40px;\" data-animationType=\"fadeIn\" data-animationDuration=\"0.8\" data-animationOffset=\"top-into-view\"><div class=\"fusion-column-wrapper fusion-flex-justify-content-flex-start fusion-content-layout-column\"><div class=\"fusion-text fusion-text-1 fusion-text-no-margin\" style=\"--awb-font-size:22px;--awb-line-height:var(--awb-typography3-line-height);--awb-letter-spacing:var(--awb-typography3-letter-spacing);--awb-text-transform:var(--awb-typography3-text-transform);--awb-text-color:var(--awb-color6);--awb-text-font-family:var(--awb-typography3-font-family);--awb-text-font-weight:var(--awb-typography3-font-weight);--awb-text-font-style:var(--awb-typography3-font-style);\"><p>APROZIM PHYTASE<\/p>\n<\/div><div class=\"fusion-separator fusion-full-width-sep\" style=\"align-self: center;margin-left: auto;margin-right: auto;margin-top:18px;width:100%;\"><\/div><div class=\"fusion-text fusion-text-2\"><p>Aprozim Phytase, m\u00fckemmel genetik m\u00fchendisli\u011fi su\u015fu ile fermente edilmi\u015f ve tedavi sonras\u0131 geli\u015ftirilmi\u015f fitaz enzimi i\u00e7erir. Fitaz, fitik asiti y\u0131k\u0131mlar ve fosforun serbest kalmas\u0131n\u0131 sa\u011flar.<\/p>\n<p>* Yemlerdeki fitaz\u0131 hidrolize eder, sindirilebilir fosforu serbest b\u0131rak\u0131r ve yemlerde fosforun kullan\u0131m\u0131n\u0131 art\u0131r\u0131r.<\/p>\n<p>* Ek olarak kullan\u0131lacak fosfor miktar\u0131n\u0131 azaltarak yemlerdeki maliyeti azalt\u0131r.<\/p>\n<p>* Yo\u011fun hayvanc\u0131l\u0131k \u00fcretiminin yap\u0131ld\u0131\u011f\u0131 yerlerde hayvan g\u00fcbresindeki fosforun \u00e7evresel zararlar\u0131n\u0131 azalt\u0131r.<\/p>\n<p>* Y\u00fcksek besin de\u011feri elde edilmesi i\u00e7in protein ve inorganik katyonlar gibi asal besin \u00f6zlerini serbest b\u0131rak\u0131r.<\/p>\n<\/div><div class=\"fusion-title title fusion-title-1 fusion-sep-none fusion-title-text fusion-title-size-six\" style=\"--awb-margin-bottom:0px;\"><h6 class=\"title-heading-left\" style=\"margin:0;\">AMBALAJ<\/h6><\/div><div class=\"fusion-text fusion-text-3\"><p>25 kg kraft po\u015fet.<\/p>\n<\/div><\/div><\/div><div class=\"fusion-layout-column fusion_builder_column fusion-builder-column-3 fusion_builder_column_1_1 1_1 fusion-flex-column\" style=\"--awb-bg-size:cover;--awb-width-large:100%;--awb-margin-top-large:0px;--awb-spacing-right-large:40px;--awb-margin-bottom-large:20px;--awb-spacing-left-large:40px;--awb-width-medium:100%;--awb-order-medium:0;--awb-spacing-right-medium:40px;--awb-spacing-left-medium:40px;--awb-width-small:100%;--awb-order-small:0;--awb-spacing-right-small:40px;--awb-spacing-left-small:40px;\"><div class=\"fusion-column-wrapper fusion-column-has-shadow fusion-flex-justify-content-flex-start fusion-content-layout-column\"><div class=\"fusion-title title fusion-title-2 fusion-sep-none fusion-title-text fusion-title-size-six\" style=\"--awb-margin-bottom:0px;\"><h6 class=\"title-heading-left\" style=\"margin:0;\">KULLANIM \u015eEKL\u0130<\/h6><\/div>\n<div class=\"table-1\">\n<table width=\"100%\">\n<thead>\n<tr>\n<th align=\"left\">Hayvan T\u00fcrleri<\/th>\n<th align=\"left\">Doz (gr\/1.000kg yem)<\/th>\n<\/tr>\n<\/thead>\n<tbody>\n<tr>\n<td align=\"left\">Yumurtac\u0131 Tavuk<\/td>\n<td align=\"left\">600-800<\/td>\n<\/tr>\n<tr>\n<td align=\"left\">Broyler<\/td>\n<td align=\"left\">800-1.200<\/td>\n<\/tr>\n<tr>\n<td align=\"left\">Domuz<\/td>\n<td align=\"left\">800-1.200<\/td>\n<\/tr>\n<tr>\n<td align=\"left\">\u00d6rdek<\/td>\n<td align=\"left\">800-1.200<\/td>\n<\/tr>\n<\/tbody>\n<\/table>\n<p>&nbsp;<\/p>\n<\/div>\n<\/div><\/div><\/div><\/div><\/div><div id=\"aprozimmulti\" class=\"fusion-container-anchor\"><div class=\"fusion-fullwidth fullwidth-box fusion-builder-row-3 fusion-flex-container has-pattern-background has-mask-background nonhundred-percent-fullwidth non-hundred-percent-height-scrolling\" style=\"--awb-background-position:left top;--awb-border-sizes-top:0px;--awb-border-sizes-bottom:0px;--awb-border-sizes-left:0px;--awb-border-sizes-right:0px;--awb-border-radius-top-left:0px;--awb-border-radius-top-right:0px;--awb-border-radius-bottom-right:0px;--awb-border-radius-bottom-left:0px;--awb-padding-top:130px;--awb-padding-bottom:130px;--awb-padding-top-medium:90px;--awb-padding-bottom-medium:90px;--awb-margin-bottom-medium:0px;--awb-background-color:#efefef;\" ><div class=\"fusion-builder-row fusion-row fusion-flex-align-items-flex-start fusion-flex-justify-content-flex-end\" style=\"max-width:calc( 1200px + 80px );margin-left: calc(-80px \/ 2 );margin-right: calc(-80px \/ 2 );\"><div class=\"fusion-layout-column fusion_builder_column fusion-builder-column-4 fusion_builder_column_1_2 1_2 fusion-flex-column fusion-column-no-min-height fusion-animated\" style=\"--awb-padding-right-medium:0px;--awb-padding-left-medium:0px;--awb-bg-blend:overlay;--awb-bg-size:cover;--awb-width-large:50%;--awb-margin-top-large:0px;--awb-spacing-right-large:calc( 0.16 * calc( 100% - 80px ) );--awb-margin-bottom-large:90px;--awb-spacing-left-large:40px;--awb-width-medium:50%;--awb-spacing-right-medium:calc( 0.16 * calc( 100% - 80px ) );--awb-margin-bottom-medium:49px;--awb-spacing-left-medium:40px;--awb-width-small:100%;--awb-spacing-right-small:40px;--awb-margin-bottom-small:0px;--awb-spacing-left-small:40px;\" data-animationType=\"fadeIn\" data-animationDuration=\"0.8\" data-animationOffset=\"top-into-view\"><div class=\"fusion-column-wrapper fusion-flex-justify-content-flex-start fusion-content-layout-column\"><div class=\"fusion-image-element \" style=\"--awb-mask-url: url(https:\/\/nfa.com.tr\/ograt\/\/assets\/images\/masks\/mask-10.svg);--awb-caption-title-size:var(--h2_typography-font-size);--awb-caption-title-transform:var(--h2_typography-text-transform);--awb-caption-title-line-height:var(--h2_typography-line-height);--awb-caption-title-letter-spacing:var(--h2_typography-letter-spacing);\"><span class=\" fusion-imageframe imageframe-none imageframe-2 hover-type-none has-mask\"><img decoding=\"async\" width=\"2409\" height=\"2560\" title=\"Green product background\" src=\"https:\/\/nfa.com.tr\/xootheve\/2023\/03\/feedbinddry_img-scaled.jpg\" data-orig-src=\"http:\/\/nfa.com.tr\/xootheve\/2023\/03\/feedbinddry_img-scaled.jpg\" alt class=\"lazyload img-responsive wp-image-2604\" srcset=\"data:image\/svg+xml,%3Csvg%20xmlns%3D%27http%3A%2F%2Fwww.w3.org%2F2000%2Fsvg%27%20width%3D%272409%27%20height%3D%272560%27%20viewBox%3D%270%200%202409%202560%27%3E%3Crect%20width%3D%272409%27%20height%3D%272560%27%20fill-opacity%3D%220%22%2F%3E%3C%2Fsvg%3E\" data-srcset=\"https:\/\/nfa.com.tr\/xootheve\/2023\/03\/feedbinddry_img-200x213.jpg 200w, https:\/\/nfa.com.tr\/xootheve\/2023\/03\/feedbinddry_img-400x425.jpg 400w, https:\/\/nfa.com.tr\/xootheve\/2023\/03\/feedbinddry_img-600x638.jpg 600w, https:\/\/nfa.com.tr\/xootheve\/2023\/03\/feedbinddry_img-800x850.jpg 800w, https:\/\/nfa.com.tr\/xootheve\/2023\/03\/feedbinddry_img-1200x1275.jpg 1200w, https:\/\/nfa.com.tr\/xootheve\/2023\/03\/feedbinddry_img-scaled.jpg 2409w\" data-sizes=\"auto\" data-orig-sizes=\"(max-width: 700px) 100vw, 600px\" \/><\/span><\/div><\/div><\/div><div class=\"fusion-layout-column fusion_builder_column fusion-builder-column-5 fusion_builder_column_1_2 1_2 fusion-flex-column fusion-column-no-min-height fusion-animated\" style=\"--awb-padding-right-medium:0px;--awb-padding-left-medium:0px;--awb-bg-blend:overlay;--awb-bg-size:cover;--awb-width-large:50%;--awb-margin-top-large:0px;--awb-spacing-right-large:40px;--awb-margin-bottom-large:90px;--awb-spacing-left-large:calc( 0.032 * calc( 100% - 80px ) );--awb-width-medium:50%;--awb-spacing-right-medium:40px;--awb-margin-bottom-medium:49px;--awb-spacing-left-medium:calc( 0.032 * calc( 100% - 80px ) );--awb-width-small:100%;--awb-spacing-right-small:40px;--awb-margin-bottom-small:30px;--awb-spacing-left-small:40px;\" data-animationType=\"fadeIn\" data-animationDuration=\"0.8\" data-animationOffset=\"top-into-view\"><div class=\"fusion-column-wrapper fusion-flex-justify-content-flex-start fusion-content-layout-column\"><div class=\"fusion-text fusion-text-4 fusion-text-no-margin\" style=\"--awb-font-size:22px;--awb-line-height:var(--awb-typography3-line-height);--awb-letter-spacing:var(--awb-typography3-letter-spacing);--awb-text-transform:var(--awb-typography3-text-transform);--awb-text-color:var(--awb-color6);--awb-text-font-family:var(--awb-typography3-font-family);--awb-text-font-weight:var(--awb-typography3-font-weight);--awb-text-font-style:var(--awb-typography3-font-style);\"><p>APROZIM MULTI<\/p>\n<\/div><div class=\"fusion-separator fusion-full-width-sep\" style=\"align-self: center;margin-left: auto;margin-right: auto;margin-top:18px;width:100%;\"><\/div><div class=\"fusion-text fusion-text-5\"><p>Aprozim Multi, \u00e7oklu besleme malzemesinin bile\u015fenleri ve hayvanlar\u0131n beslenme talebine g\u00f6re geli\u015ftirilmi\u015ftir. \u0130\u00e7eri\u011findeki enzimler ile sindirim enzimleri \u00fczerine odakl\u0131d\u0131r.<\/p>\n<p>* Besin maddesinin emilimi ve sindirimini artt\u0131rarak yemin besleyici de\u011ferini artt\u0131r\u0131r.<\/p>\n<p>* Yem maddesinin anti-beslenme fakt\u00f6rlerini d\u00fc\u015f\u00fcr\u00fcr, ba\u011f\u0131rsaktaki besin bulamac\u0131n\u0131n viskozitesini d\u00fc\u015f\u00fcr\u00fcr ve yemdeki metabolize edilebilir enerjiyi artt\u0131r\u0131r.<\/p>\n<p>* Zararl\u0131 mikroorganizmalar\u0131n \u00fcremesini inhibe eder ve barsak mikrofloras\u0131n\u0131 dengeler.<\/p>\n<p>* \u0130shal oran\u0131n\u0131 azalt\u0131r ve ba\u011f\u0131rsaklar\u0131n normal \u00e7al\u0131\u015fmas\u0131n\u0131 sa\u011flar.<\/p>\n<p>* Hayvanlar\u0131n geli\u015fimine katk\u0131da bulunur ve yeti\u015ftirme maliyetlerini azalt\u0131r.<\/p>\n<\/div><div class=\"fusion-title title fusion-title-3 fusion-sep-none fusion-title-text fusion-title-size-six\" style=\"--awb-margin-bottom:0px;\"><h6 class=\"title-heading-left\" style=\"margin:0;\">KULLANIM \u015eEKL\u0130<\/h6><\/div><div class=\"fusion-text fusion-text-6\"><p>1 ton yeme 1 kg kat\u0131larak kullan\u0131l\u0131r.<\/p>\n<\/div><div class=\"fusion-title title fusion-title-4 fusion-sep-none fusion-title-text fusion-title-size-six\" style=\"--awb-margin-bottom:0px;\"><h6 class=\"title-heading-left\" style=\"margin:0;\">AMBALAJ<\/h6><\/div><div class=\"fusion-text fusion-text-7\"><p>25 kg kraft po\u015fet.<\/p>\n<\/div><\/div><\/div><\/div><\/div><\/div><\/p>\n","protected":false},"excerpt":{"rendered":"","protected":false},"author":1,"featured_media":0,"parent":0,"menu_order":0,"comment_status":"closed","ping_status":"closed","template":"100-width.php","meta":{"footnotes":""},"class_list":["post-2713","page","type-page","status-publish","hentry"],"_links":{"self":[{"href":"https:\/\/nfa.com.tr\/index.php\/wp-json\/wp\/v2\/pages\/2713","targetHints":{"allow":["GET"]}}],"collection":[{"href":"https:\/\/nfa.com.tr\/index.php\/wp-json\/wp\/v2\/pages"}],"about":[{"href":"https:\/\/nfa.com.tr\/index.php\/wp-json\/wp\/v2\/types\/page"}],"author":[{"embeddable":true,"href":"https:\/\/nfa.com.tr\/index.php\/wp-json\/wp\/v2\/users\/1"}],"replies":[{"embeddable":true,"href":"https:\/\/nfa.com.tr\/index.php\/wp-json\/wp\/v2\/comments?post=2713"}],"version-history":[{"count":11,"href":"https:\/\/nfa.com.tr\/index.php\/wp-json\/wp\/v2\/pages\/2713\/revisions"}],"predecessor-version":[{"id":3022,"href":"https:\/\/nfa.com.tr\/index.php\/wp-json\/wp\/v2\/pages\/2713\/revisions\/3022"}],"wp:attachment":[{"href":"https:\/\/nfa.com.tr\/index.php\/wp-json\/wp\/v2\/media?parent=2713"}],"curies":[{"name":"wp","href":"https:\/\/api.w.org\/{rel}","templated":true}]}}