{"id":2722,"date":"2023-03-21T09:37:38","date_gmt":"2023-03-21T09:37:38","guid":{"rendered":"http:\/\/nfa.com.tr\/?page_id=2722"},"modified":"2023-03-27T11:27:14","modified_gmt":"2023-03-27T11:27:14","slug":"konsantre-urunler","status":"publish","type":"page","link":"https:\/\/nfa.com.tr\/index.php\/konsantre-urunler\/","title":{"rendered":"Konsantre \u00dcr\u00fcnler"},"content":{"rendered":"<p><div class=\"fusion-fullwidth fullwidth-box fusion-builder-row-1 fusion-flex-container has-pattern-background has-mask-background nonhundred-percent-fullwidth non-hundred-percent-height-scrolling\" style=\"--awb-border-radius-top-left:0px;--awb-border-radius-top-right:0px;--awb-border-radius-bottom-right:0px;--awb-border-radius-bottom-left:0px;--awb-background-color:#ffffff;\" ><div class=\"fusion-builder-row fusion-row fusion-flex-align-items-flex-start\" style=\"max-width:1248px;margin-left: calc(-4% \/ 2 );margin-right: calc(-4% \/ 2 );\"><div class=\"fusion-layout-column fusion_builder_column fusion-builder-column-0 fusion_builder_column_1_1 1_1 fusion-flex-column\" style=\"--awb-bg-size:cover;--awb-width-large:100%;--awb-margin-top-large:0px;--awb-spacing-right-large:1.92%;--awb-margin-bottom-large:0px;--awb-spacing-left-large:1.92%;--awb-width-medium:100%;--awb-order-medium:0;--awb-spacing-right-medium:1.92%;--awb-spacing-left-medium:1.92%;--awb-width-small:100%;--awb-order-small:0;--awb-spacing-right-small:1.92%;--awb-spacing-left-small:1.92%;\"><div class=\"fusion-column-wrapper fusion-column-has-shadow fusion-flex-justify-content-flex-start fusion-content-layout-column\"><\/div><\/div><\/div><\/div><div id=\"combimixcivciv\" class=\"fusion-container-anchor\"><div class=\"fusion-fullwidth fullwidth-box fusion-builder-row-2 fusion-flex-container has-pattern-background has-mask-background nonhundred-percent-fullwidth non-hundred-percent-height-scrolling\" style=\"--awb-background-position:left top;--awb-border-sizes-top:0px;--awb-border-sizes-bottom:0px;--awb-border-sizes-left:0px;--awb-border-sizes-right:0px;--awb-border-radius-top-left:0px;--awb-border-radius-top-right:0px;--awb-border-radius-bottom-right:0px;--awb-border-radius-bottom-left:0px;--awb-padding-top:130px;--awb-padding-bottom:130px;--awb-padding-top-medium:90px;--awb-padding-bottom-medium:90px;--awb-margin-bottom-medium:0px;--awb-background-color:var(--awb-color1);\" ><div class=\"fusion-builder-row fusion-row fusion-flex-align-items-flex-start fusion-flex-justify-content-flex-end\" style=\"max-width:calc( 1200px + 80px );margin-left: calc(-80px \/ 2 );margin-right: calc(-80px \/ 2 );\"><div class=\"fusion-layout-column fusion_builder_column fusion-builder-column-1 fusion_builder_column_1_2 1_2 fusion-flex-column fusion-column-no-min-height fusion-animated\" style=\"--awb-padding-right-medium:0px;--awb-padding-left-medium:0px;--awb-bg-blend:overlay;--awb-bg-size:cover;--awb-width-large:50%;--awb-margin-top-large:0px;--awb-spacing-right-large:calc( 0.16 * calc( 100% - 80px ) );--awb-margin-bottom-large:90px;--awb-spacing-left-large:40px;--awb-width-medium:50%;--awb-spacing-right-medium:calc( 0.16 * calc( 100% - 80px ) );--awb-margin-bottom-medium:49px;--awb-spacing-left-medium:40px;--awb-width-small:100%;--awb-spacing-right-small:40px;--awb-margin-bottom-small:0px;--awb-spacing-left-small:40px;\" data-animationType=\"fadeIn\" data-animationDuration=\"0.8\" data-animationOffset=\"top-into-view\"><div class=\"fusion-column-wrapper fusion-flex-justify-content-flex-start fusion-content-layout-column\"><div class=\"fusion-image-element \" style=\"--awb-mask-url: url(https:\/\/nfa.com.tr\/ograt\/\/assets\/images\/masks\/mask-10.svg);--awb-caption-title-size:var(--h2_typography-font-size);--awb-caption-title-transform:var(--h2_typography-text-transform);--awb-caption-title-line-height:var(--h2_typography-line-height);--awb-caption-title-letter-spacing:var(--h2_typography-letter-spacing);\"><span class=\" fusion-imageframe imageframe-none imageframe-1 hover-type-none has-mask\"><img decoding=\"async\" width=\"2409\" height=\"2560\" title=\"Green product background\" src=\"https:\/\/nfa.com.tr\/xootheve\/2023\/03\/combimix_img-scaled.jpg\" data-orig-src=\"http:\/\/nfa.com.tr\/xootheve\/2023\/03\/combimix_img-scaled.jpg\" alt class=\"lazyload img-responsive wp-image-2596\" srcset=\"data:image\/svg+xml,%3Csvg%20xmlns%3D%27http%3A%2F%2Fwww.w3.org%2F2000%2Fsvg%27%20width%3D%272409%27%20height%3D%272560%27%20viewBox%3D%270%200%202409%202560%27%3E%3Crect%20width%3D%272409%27%20height%3D%272560%27%20fill-opacity%3D%220%22%2F%3E%3C%2Fsvg%3E\" data-srcset=\"https:\/\/nfa.com.tr\/xootheve\/2023\/03\/combimix_img-200x213.jpg 200w, https:\/\/nfa.com.tr\/xootheve\/2023\/03\/combimix_img-400x425.jpg 400w, https:\/\/nfa.com.tr\/xootheve\/2023\/03\/combimix_img-600x638.jpg 600w, https:\/\/nfa.com.tr\/xootheve\/2023\/03\/combimix_img-800x850.jpg 800w, https:\/\/nfa.com.tr\/xootheve\/2023\/03\/combimix_img-1200x1275.jpg 1200w, https:\/\/nfa.com.tr\/xootheve\/2023\/03\/combimix_img-scaled.jpg 2409w\" data-sizes=\"auto\" data-orig-sizes=\"(max-width: 700px) 100vw, 600px\" \/><\/span><\/div><\/div><\/div><div class=\"fusion-layout-column fusion_builder_column fusion-builder-column-2 fusion_builder_column_1_2 1_2 fusion-flex-column fusion-column-no-min-height fusion-animated\" style=\"--awb-padding-right-medium:0px;--awb-padding-left-medium:0px;--awb-bg-blend:overlay;--awb-bg-size:cover;--awb-width-large:50%;--awb-margin-top-large:0px;--awb-spacing-right-large:40px;--awb-margin-bottom-large:90px;--awb-spacing-left-large:calc( 0.032 * calc( 100% - 80px ) );--awb-width-medium:50%;--awb-spacing-right-medium:40px;--awb-margin-bottom-medium:49px;--awb-spacing-left-medium:calc( 0.032 * calc( 100% - 80px ) );--awb-width-small:100%;--awb-spacing-right-small:40px;--awb-margin-bottom-small:30px;--awb-spacing-left-small:40px;\" data-animationType=\"fadeIn\" data-animationDuration=\"0.8\" data-animationOffset=\"top-into-view\"><div class=\"fusion-column-wrapper fusion-flex-justify-content-flex-start fusion-content-layout-column\"><div class=\"fusion-text fusion-text-1 fusion-text-no-margin\" style=\"--awb-font-size:22px;--awb-line-height:var(--awb-typography3-line-height);--awb-letter-spacing:var(--awb-typography3-letter-spacing);--awb-text-transform:var(--awb-typography3-text-transform);--awb-text-color:var(--awb-color6);--awb-text-font-family:var(--awb-typography3-font-family);--awb-text-font-weight:var(--awb-typography3-font-weight);--awb-text-font-style:var(--awb-typography3-font-style);\"><p>COMBIMIX<\/p>\n<\/div><div class=\"fusion-separator fusion-full-width-sep\" style=\"align-self: center;margin-left: auto;margin-right: auto;margin-top:18px;width:100%;\"><\/div><div class=\"fusion-text fusion-text-2\"><p>COMBIMIX serisi \u00fcr\u00fcnlerimiz COMBIMIX CIVCIV, COMBIMIX LAYER, COMBIMIX BROILER olarak civcivler, yumurtac\u0131 ve et\u00e7i tavuklar i\u00e7in olu\u015fturulmu\u015f olup vitamin, mineral, aminoasit, kalsiyum-fosfor ihtiyac\u0131n\u0131 kar\u015f\u0131lamak, topakla\u015fmay\u0131 \u00f6nlemek, toksin ba\u011flay\u0131c\u0131 ve sindirimi d\u00fczenlemek amac\u0131yla haz\u0131rlanm\u0131\u015f yem konsantresidir.<\/p>\n<p>\u00a0<\/p>\n<p>Form\u00fcl\u00fcndeki u\u00e7ucu ya\u011f asitleri ile villuslar\u0131n emilim y\u00fczeyini artt\u0131rarak besleme y\u00fck\u00fcn\u00fc azalt\u0131r. Sindirim sistemi enzimlerinin sekresyonunu stim\u00fcle eder. Form\u00fclasyon i\u00e7erisindeki vitamin ve mineraller g\u00fcnl\u00fck ihtiya\u00e7 kar\u015f\u0131lan\u0131r. \u0130\u00e7erisindeki enzimler ile yemden yararlanmay\u0131 ve d\u0131\u015fk\u0131 kalitesini artt\u0131r\u0131r. Form\u00fcl\u00fcndeki DCP ve u\u00e7ucu ya\u011f asidi ile kemik geli\u015fimini destekler. Yem i\u00e7erisindeki olu\u015fabilecek toksikasyon riskini form\u00fcl\u00fcndeki antioksidan ve organik asit yard\u0131m\u0131 ile \u00f6nler. S\u00fcr\u00fc b\u00fct\u00fcnl\u00fc\u011f\u00fcn\u00fc sa\u011flar. Zaman ve i\u015f g\u00fcc\u00fcnden tasarruf sa\u011flar. Dengeli form\u00fclasyonu yard\u0131m\u0131yla yeme kolayca eklenebilir.<\/p>\n<\/div><div class=\"fusion-title title fusion-title-1 fusion-sep-none fusion-title-text fusion-title-size-six\" style=\"--awb-margin-bottom:0px;\"><h6 class=\"title-heading-left\" style=\"margin:0;\"><strong>KULLANIM \u015eEKL\u0130<\/strong><\/h6><\/div><div class=\"fusion-text fusion-text-3\"><p>1.000 kg yeme 25 kg kat\u0131larak kullan\u0131l\u0131r.<\/p>\n<\/div><div class=\"fusion-title title fusion-title-2 fusion-sep-none fusion-title-text fusion-title-size-six\" style=\"--awb-margin-bottom:0px;\"><h6 class=\"title-heading-left\" style=\"margin:0;\"><strong>KULLANIM \u015eEKL\u0130<\/strong><\/h6><\/div><div class=\"fusion-text fusion-text-4\"><p>25 kg kraft po\u015fet.<\/p>\n<\/div><\/div><\/div><\/div><\/div><\/div><\/p>\n","protected":false},"excerpt":{"rendered":"","protected":false},"author":1,"featured_media":0,"parent":0,"menu_order":0,"comment_status":"closed","ping_status":"closed","template":"100-width.php","meta":{"footnotes":""},"class_list":["post-2722","page","type-page","status-publish","hentry"],"_links":{"self":[{"href":"https:\/\/nfa.com.tr\/index.php\/wp-json\/wp\/v2\/pages\/2722","targetHints":{"allow":["GET"]}}],"collection":[{"href":"https:\/\/nfa.com.tr\/index.php\/wp-json\/wp\/v2\/pages"}],"about":[{"href":"https:\/\/nfa.com.tr\/index.php\/wp-json\/wp\/v2\/types\/page"}],"author":[{"embeddable":true,"href":"https:\/\/nfa.com.tr\/index.php\/wp-json\/wp\/v2\/users\/1"}],"replies":[{"embeddable":true,"href":"https:\/\/nfa.com.tr\/index.php\/wp-json\/wp\/v2\/comments?post=2722"}],"version-history":[{"count":8,"href":"https:\/\/nfa.com.tr\/index.php\/wp-json\/wp\/v2\/pages\/2722\/revisions"}],"predecessor-version":[{"id":2997,"href":"https:\/\/nfa.com.tr\/index.php\/wp-json\/wp\/v2\/pages\/2722\/revisions\/2997"}],"wp:attachment":[{"href":"https:\/\/nfa.com.tr\/index.php\/wp-json\/wp\/v2\/media?parent=2722"}],"curies":[{"name":"wp","href":"https:\/\/api.w.org\/{rel}","templated":true}]}}